{"id":212,"date":"2024-03-30T12:43:40","date_gmt":"2024-03-30T12:43:40","guid":{"rendered":"https:\/\/rebardirect.com\/?page_id=212"},"modified":"2024-08-24T01:31:04","modified_gmt":"2024-08-24T08:31:04","slug":"custom-rebar-request","status":"publish","type":"page","link":"https:\/\/rebardirect.com\/es\/custom-rebar-request\/","title":{"rendered":"Solicitud personalizada"},"content":{"rendered":"<p>[et_pb_section fb_built=&#8221;1&#8243; custom_padding_last_edited=&#8221;on|phone&#8221; admin_label=&#8221;section&#8221; _builder_version=&#8221;4.24.3&#8243; background_color=&#8221;rgba(0,0,0,0.69)&#8221; background_image=&#8221;https:\/\/rebardirect.com\/wp-content\/uploads\/2024\/04\/REQUEST-A-CUSTOM-REBAR-QUOTE.jpg&#8221; background_blend=&#8221;overlay&#8221; height=&#8221;400px&#8221; height_tablet=&#8221;550px&#8221; height_phone=&#8221;320px&#8221; height_last_edited=&#8221;on|tablet&#8221; custom_padding=&#8221;0px||0px||true|false&#8221; custom_padding_tablet=&#8221;0px||0px||true|false&#8221; custom_padding_phone=&#8221;0px||0px||true|false&#8221; custom_css_main_element=&#8221;display: flex;||flex-direction: column;&#8221; locked=&#8221;off&#8221; global_colors_info=&#8221;{}&#8221; custom_css_main_element_last_edited=&#8221;on|tablet&#8221; custom_css_main_element_tablet=&#8221;display: flex;||flex-direction: column;&#8221; custom_css_main_element_phone=&#8221;display: flex;||flex-direction: column;&#8221;][et_pb_row admin_label=&#8221;row&#8221; _builder_version=&#8221;4.24.3&#8243; background_size=&#8221;initial&#8221; background_position=&#8221;top_left&#8221; background_repeat=&#8221;repeat&#8221; width_tablet=&#8221;&#8221; width_phone=&#8221;90%&#8221; width_last_edited=&#8221;on|phone&#8221; global_colors_info=&#8221;{}&#8221;][et_pb_column type=&#8221;4_4&#8243; _builder_version=&#8221;4.16&#8243; custom_padding=&#8221;|||&#8221; global_colors_info=&#8221;{}&#8221; custom_padding__hover=&#8221;|||&#8221;][et_pb_text _builder_version=&#8221;4.27.0&#8243; _module_preset=&#8221;default&#8221; header_font=&#8221;|700||on|||||&#8221; header_text_align=&#8221;center&#8221; header_text_color=&#8221;#FFFFFF&#8221; header_font_size=&#8221;38px&#8221; header_line_height=&#8221;1.2em&#8221; custom_margin_tablet=&#8221;&#8221; custom_margin_phone=&#8221;||15px||false|false&#8221; custom_margin_last_edited=&#8221;on|phone&#8221; hover_enabled=&#8221;0&#8243; header_font_size_tablet=&#8221;32px&#8221; header_font_size_phone=&#8221;24px&#8221; header_font_size_last_edited=&#8221;on|tablet&#8221; header_line_height_tablet=&#8221;1.3em&#8221; header_line_height_phone=&#8221;1.3em&#8221; header_line_height_last_edited=&#8221;on|tablet&#8221; global_colors_info=&#8221;{}&#8221; sticky_enabled=&#8221;0&#8243;]<\/p>\n<h1>Request a Custom <a href=\"https:\/\/rebardirect.com\/es\/\">Rebar<\/a> FABRICATION Quote<\/h1>\n<p>[\/et_pb_text][et_pb_text _builder_version=&#8221;4.24.3&#8243; _module_preset=&#8221;default&#8221; text_font=&#8221;||||||||&#8221; text_text_color=&#8221;#FFFFFF&#8221; text_font_size=&#8221;22px&#8221; text_letter_spacing=&#8221;1px&#8221; header_2_font=&#8221;Noka||||||||&#8221; header_2_text_color=&#8221;#FFFFFF&#8221; header_2_font_size=&#8221;22px&#8221; text_orientation=&#8221;center&#8221; global_colors_info=&#8221;{}&#8221;]<\/p>\n<p>Pr\u00e1cticamente cualquier dise\u00f1o | Precios competitivos | Respuesta R\u00e1pida<\/p>\n<p>[\/et_pb_text][\/et_pb_column][\/et_pb_row][\/et_pb_section][et_pb_section fb_built=&#8221;1&#8243; custom_padding_last_edited=&#8221;on|tablet&#8221; _builder_version=&#8221;4.24.3&#8243; _module_preset=&#8221;default&#8221; background_color=&#8221;#f4f7f9&#8243; background_enable_image=&#8221;off&#8221; custom_margin=&#8221;0px||0px||false|false&#8221; custom_padding=&#8221;100px||100px||false|false&#8221; custom_padding_tablet=&#8221;80px||80px||false|false&#8221; custom_padding_phone=&#8221;80px||80px||false|false&#8221; global_colors_info=&#8221;{}&#8221;][et_pb_row use_custom_gutter=&#8221;on&#8221; _builder_version=&#8221;4.24.3&#8243; _module_preset=&#8221;default&#8221; max_width=&#8221;1066px&#8221; module_alignment=&#8221;center&#8221; custom_margin=&#8221;0px||0px||false|false&#8221; custom_padding=&#8221;0px||0px||false|false&#8221; animation_style=&#8221;fade&#8221; animation_speed_curve=&#8221;ease&#8221; custom_css_main_element=&#8221;align-items: center;&#8221; global_colors_info=&#8221;{}&#8221;][et_pb_column type=&#8221;4_4&#8243; _builder_version=&#8221;4.24.2&#8243; _module_preset=&#8221;default&#8221; custom_padding=&#8221;0px|0px||0px|false|false&#8221; custom_padding_tablet=&#8221;|10px||0px|false|false&#8221; custom_padding_phone=&#8221;|0px||0px|false|false&#8221; custom_padding_last_edited=&#8221;on|tablet&#8221; sticky_limit_bottom=&#8221;row&#8221; sticky_position_tablet=&#8221;none&#8221; sticky_position_phone=&#8221;none&#8221; sticky_position_last_edited=&#8221;off|desktop&#8221; global_colors_info=&#8221;{}&#8221; z_index__sticky=&#8221;0&#8243; z_index__sticky_enabled=&#8221;on|sticky&#8221;][et_pb_text _builder_version=&#8221;4.24.3&#8243; _module_preset=&#8221;default&#8221; global_colors_info=&#8221;{}&#8221;]<\/p>\n<h2>Obtener su cotizaci\u00f3n personalizada de barras de refuerzo<\/h2>\n<p><strong>R\u00e1pido, f\u00e1cil y personalizado seg\u00fan sus necesidades<\/strong><\/p>\n<p>En Rebar Direct, entendemos la importancia de la precisi\u00f3n y la eficiencia en sus proyectos. Es por eso que hemos hecho que obtener una cotizaci\u00f3n de barras de refuerzo personalizada sea lo m\u00e1s simple y r\u00e1pido posible. As\u00ed es como funciona:<\/p>\n<ol>\n<li><strong>Rellenar el formulario:<\/strong> Br\u00edndenos los detalles de sus requisitos de barras de refuerzo. Nuestro formulario est\u00e1 dise\u00f1ado para capturar toda la informaci\u00f3n necesaria que necesitamos para brindarle una cotizaci\u00f3n precisa.<\/li>\n<li><strong>Cargue sus especificaciones:<\/strong> Para asegurarnos de que comprendamos completamente sus necesidades, tiene la opci\u00f3n de cargar un documento de especificaciones directamente a trav\u00e9s del formulario. Alternativamente, si tiene un boceto o un dise\u00f1o de sus requisitos de barra de refuerzo, no dude en tomar una foto con su tel\u00e9fono y cargarla. Las im\u00e1genes claras nos ayudan a ofrecerle la cotizaci\u00f3n m\u00e1s precisa.<\/li>\n<li><strong>Reciba una respuesta dentro de los 2 d\u00edas h\u00e1biles:<\/strong> Valoramos su tiempo. Es por eso que nuestro equipo se compromete a responder a su solicitud de cotizaci\u00f3n dentro de los 2 d\u00edas h\u00e1biles.<\/li>\n<li><strong>\u00bfPreguntas? Ll\u00e1manos:<\/strong> Si tiene alguna pregunta o necesita ayuda con el formulario, no dude en llamarnos al 555-555-5555. Nuestro equipo de expertos est\u00e1 aqu\u00ed para ayudarle en cada paso del proceso.<\/li>\n<\/ol>\n<p>Estamos dedicados a brindarle soluciones personalizadas y el mejor servicio posible. Gracias por considerar Rebar Direct para sus necesidades de barras de refuerzo. \u00a1Esperamos tener la oportunidad de trabajar con usted!<\/p>\n<p>[\/et_pb_text][wpforms_selector form_id=&#8221;215&#8243; _builder_version=&#8221;4.24.2&#8243; _module_preset=&#8221;default&#8221; custom_margin=&#8221;0px||||false|false&#8221; custom_padding=&#8221;0px||||false|false&#8221; global_colors_info=&#8221;{}&#8221;][\/wpforms_selector][\/et_pb_column][\/et_pb_row][\/et_pb_section]<\/p>","protected":false},"excerpt":{"rendered":"<p>Request a Custom Rebar FABRICATION QuoteVirtually Any Design | Competitive Pricing | Fast TurnaroundGetting Your Custom Rebar Quote Fast, Easy, and Customized to Your Needs At Rebar Direct, we understand the importance of precision and efficiency in your projects. That&#8217;s why we&#8217;ve made getting a custom rebar quote as simple and quick as possible. Here&#8217;s [&hellip;]<\/p>","protected":false},"author":9,"featured_media":0,"parent":0,"menu_order":0,"comment_status":"closed","ping_status":"closed","template":"","meta":{"_et_pb_use_builder":"on","_et_pb_old_content":"<!-- wp:divi\/placeholder \/-->","_et_gb_content_width":"","footnotes":""},"class_list":["post-212","page","type-page","status-publish","hentry"],"_links":{"self":[{"href":"https:\/\/rebardirect.com\/es\/wp-json\/wp\/v2\/pages\/212","targetHints":{"allow":["GET"]}}],"collection":[{"href":"https:\/\/rebardirect.com\/es\/wp-json\/wp\/v2\/pages"}],"about":[{"href":"https:\/\/rebardirect.com\/es\/wp-json\/wp\/v2\/types\/page"}],"author":[{"embeddable":true,"href":"https:\/\/rebardirect.com\/es\/wp-json\/wp\/v2\/users\/9"}],"replies":[{"embeddable":true,"href":"https:\/\/rebardirect.com\/es\/wp-json\/wp\/v2\/comments?post=212"}],"version-history":[{"count":0,"href":"https:\/\/rebardirect.com\/es\/wp-json\/wp\/v2\/pages\/212\/revisions"}],"wp:attachment":[{"href":"https:\/\/rebardirect.com\/es\/wp-json\/wp\/v2\/media?parent=212"}],"curies":[{"name":"wp","href":"https:\/\/api.w.org\/{rel}","templated":true}]}}