{"id":233192,"date":"2024-04-10T05:53:49","date_gmt":"2024-04-10T05:53:49","guid":{"rendered":"https:\/\/rebardirect.com\/?page_id=233192"},"modified":"2024-08-24T01:39:25","modified_gmt":"2024-08-24T08:39:25","slug":"faq","status":"publish","type":"page","link":"https:\/\/rebardirect.com\/es\/faq\/","title":{"rendered":"FAQ"},"content":{"rendered":"<p>[et_pb_section fb_built=&#8221;1&#8243; custom_padding_last_edited=&#8221;on|phone&#8221; admin_label=&#8221;section&#8221; _builder_version=&#8221;4.24.3&#8243; background_color=&#8221;rgba(0,0,0,0.69)&#8221; background_image=&#8221;https:\/\/rebardirect.com\/wp-content\/uploads\/2024\/04\/Quality-Rebar-Products-1.jpg&#8221; background_blend=&#8221;overlay&#8221; height=&#8221;400px&#8221; height_tablet=&#8221;550px&#8221; height_phone=&#8221;450px&#8221; height_last_edited=&#8221;on|tablet&#8221; custom_padding=&#8221;0px||0px||true|false&#8221; custom_padding_tablet=&#8221;0px||0px||true|false&#8221; custom_padding_phone=&#8221;0px||0px||true|false&#8221; custom_css_main_element=&#8221;display: flex;||flex-direction: column;&#8221; locked=&#8221;off&#8221; global_colors_info=&#8221;{}&#8221; custom_css_main_element_last_edited=&#8221;on|tablet&#8221; custom_css_main_element_tablet=&#8221;display: flex;||flex-direction: column;&#8221; custom_css_main_element_phone=&#8221;display: flex;||flex-direction: column;&#8221;][et_pb_row admin_label=&#8221;row&#8221; _builder_version=&#8221;4.24.2&#8243; background_size=&#8221;initial&#8221; background_position=&#8221;top_left&#8221; background_repeat=&#8221;repeat&#8221; width_tablet=&#8221;&#8221; width_phone=&#8221;90%&#8221; width_last_edited=&#8221;on|phone&#8221; global_colors_info=&#8221;{}&#8221;][et_pb_column type=&#8221;4_4&#8243; _builder_version=&#8221;4.16&#8243; custom_padding=&#8221;|||&#8221; global_colors_info=&#8221;{}&#8221; custom_padding__hover=&#8221;|||&#8221;][et_pb_text _builder_version=&#8221;4.24.3&#8243; _module_preset=&#8221;default&#8221; header_font=&#8221;|700||on|||||&#8221; header_text_align=&#8221;center&#8221; header_text_color=&#8221;#FFFFFF&#8221; header_font_size=&#8221;38px&#8221; header_line_height=&#8221;1.2em&#8221; custom_margin_tablet=&#8221;&#8221; custom_margin_phone=&#8221;||15px||false|false&#8221; custom_margin_last_edited=&#8221;on|phone&#8221; header_font_size_tablet=&#8221;32px&#8221; header_font_size_phone=&#8221;24px&#8221; header_font_size_last_edited=&#8221;on|tablet&#8221; header_line_height_tablet=&#8221;1.3em&#8221; header_line_height_phone=&#8221;1.3em&#8221; header_line_height_last_edited=&#8221;on|tablet&#8221; global_colors_info=&#8221;{}&#8221;]<\/p>\n<h1>Preguntas frecuentes<\/h1>\n<p>[\/et_pb_text][et_pb_text _builder_version=&#8221;4.25.2&#8243; _module_preset=&#8221;default&#8221; text_font=&#8221;||||||||&#8221; text_text_color=&#8221;#FFFFFF&#8221; text_font_size=&#8221;22px&#8221; text_letter_spacing=&#8221;1px&#8221; header_2_font=&#8221;Noka||||||||&#8221; header_2_text_color=&#8221;#FFFFFF&#8221; header_2_font_size=&#8221;22px&#8221; text_orientation=&#8221;center&#8221; global_colors_info=&#8221;{}&#8221;]<\/p>\n<h2>Consulte nuestras preguntas frecuentes y comun\u00edquese con nosotros si a\u00fan tiene preguntas.<\/h2>\n<p>[\/et_pb_text][et_pb_button button_url=&#8221;@ET-DC@eyJkeW5hbWljIjp0cnVlLCJjb250ZW50IjoicG9zdF9saW5rX3VybF9wYWdlIiwic2V0dGluZ3MiOnsicG9zdF9pZCI6IjE4MiJ9fQ==@&#8221; button_text=&#8221;Contact Us&#8221; button_alignment=&#8221;center&#8221; button_alignment_tablet=&#8221;center&#8221; button_alignment_phone=&#8221;center&#8221; button_alignment_last_edited=&#8221;on|tablet&#8221; _builder_version=&#8221;4.24.3&#8243; _dynamic_attributes=&#8221;button_url&#8221; custom_button=&#8221;on&#8221; button_text_size=&#8221;18px&#8221; button_text_color=&#8221;#FFFFFF&#8221; button_bg_color=&#8221;#006CCD&#8221; button_border_width=&#8221;0px&#8221; button_border_radius=&#8221;0px&#8221; button_letter_spacing=&#8221;1px&#8221; button_font=&#8221;|600|||||||&#8221; button_use_icon=&#8221;off&#8221; custom_margin=&#8221;50px||||false|false&#8221; custom_padding=&#8221;10px|40px|10px|40px|true|true&#8221; locked=&#8221;off&#8221; global_colors_info=&#8221;{}&#8221; button_text_color__hover_enabled=&#8221;on|hover&#8221; button_text_color__hover=&#8221;#ffffff&#8221; button_bg_color__hover_enabled=&#8221;on|desktop&#8221; button_bg_color__hover=&#8221;#00B3FC&#8221; button_bg_enable_color__hover=&#8221;on&#8221; button_border_color__hover_enabled=&#8221;on|hover&#8221; button_border_color__hover=&#8221;#151515&#8243; button_letter_spacing__hover_enabled=&#8221;off|hover&#8221; button_letter_spacing__hover=&#8221;0px&#8221;][\/et_pb_button][\/et_pb_column][\/et_pb_row][\/et_pb_section][et_pb_section fb_built=&#8221;1&#8243; custom_padding_last_edited=&#8221;on|tablet&#8221; _builder_version=&#8221;4.24.2&#8243; _module_preset=&#8221;default&#8221; background_color=&#8221;#f4f7f9&#8243; background_enable_image=&#8221;off&#8221; custom_margin=&#8221;0px||0px||false|false&#8221; custom_padding=&#8221;120px||100px||false|false&#8221; custom_padding_tablet=&#8221;80px||80px||false|false&#8221; custom_padding_phone=&#8221;80px||80px||false|false&#8221; global_colors_info=&#8221;{}&#8221;][et_pb_row use_custom_gutter=&#8221;on&#8221; _builder_version=&#8221;4.24.3&#8243; _module_preset=&#8221;default&#8221; max_width=&#8221;1080px&#8221; module_alignment=&#8221;center&#8221; custom_margin=&#8221;0px||0px||false|false&#8221; custom_padding=&#8221;0px||0px||false|false&#8221; animation_style=&#8221;fade&#8221; animation_speed_curve=&#8221;ease&#8221; custom_css_main_element=&#8221;align-items: center;&#8221; global_colors_info=&#8221;{}&#8221;][et_pb_column type=&#8221;4_4&#8243; _builder_version=&#8221;4.24.2&#8243; _module_preset=&#8221;default&#8221; custom_padding=&#8221;0px|0px||0px|false|false&#8221; custom_padding_tablet=&#8221;|10px||0px|false|false&#8221; custom_padding_phone=&#8221;|0px||0px|false|false&#8221; custom_padding_last_edited=&#8221;on|tablet&#8221; sticky_limit_bottom=&#8221;row&#8221; sticky_position_tablet=&#8221;none&#8221; sticky_position_phone=&#8221;none&#8221; sticky_position_last_edited=&#8221;off|desktop&#8221; global_colors_info=&#8221;{}&#8221; z_index__sticky=&#8221;0&#8243; z_index__sticky_enabled=&#8221;on|sticky&#8221;][dsm_faq dsm_make_accordion_toggle=&#8221;on&#8221; dsm_open_bg_color=&#8221;RGBA(255,255,255,0)&#8221; dsm_open_toggle_margin=&#8221;|0px||0px|false|true&#8221; dsm_open_toggle_padding=&#8221;|0px||0px|false|true&#8221; dsm_close_bg_color=&#8221;RGBA(255,255,255,0)&#8221; dsm_closed_toggle_margin=&#8221;|0px||0px|false|true&#8221; dsm_closed_toggle_padding=&#8221;|0px||0px|false|true&#8221; dsm_use_image=&#8221;on&#8221; dsm_open_image=&#8221;https:\/\/rebardirect.com\/wp-content\/uploads\/2024\/04\/download.png&#8221; dsm_close_image=&#8221;https:\/\/rebardirect.com\/wp-content\/uploads\/2024\/04\/up-arrow.png&#8221; dsm_open_image_width=&#8221;30px&#8221; dsm_close_image_width=&#8221;30px&#8221; dsm_open_icon_margin=&#8221;|0px||0px|false|true&#8221; dsm_open_icon_padding=&#8221;|0px||0px|false|false&#8221; dsm_close_icon_margin=&#8221;|||0px|false|false&#8221; dsm_close_icon_padding=&#8221;|||0px|false|false&#8221; dsm_open_font_size=&#8221;0px&#8221; dsm_close_font_size=&#8221;0px&#8221; dsm_content_padding=&#8221;10px|||10px|false|false&#8221; _builder_version=&#8221;4.27.0&#8243; _module_preset=&#8221;default&#8221; header_font=&#8221;Arkhip|700|||||||&#8221; header_text_color=&#8221;#001C55&#8243; header_font_size=&#8221;20px&#8221; closed_header_font=&#8221;Arkhip|700|||||||&#8221; closed_header_font_size=&#8221;20px&#8221; content_font=&#8221;||||||||&#8221; content_text_color=&#8221;#000000&#8243; content_font_size=&#8221;16px&#8221; content_line_height=&#8221;1.5em&#8221; hover_enabled=&#8221;0&#8243; header_font_size_tablet=&#8221;20px&#8221; header_font_size_phone=&#8221;18px&#8221; header_font_size_last_edited=&#8221;on|phone&#8221; closed_header_font_size_tablet=&#8221;20px&#8221; closed_header_font_size_phone=&#8221;18px&#8221; closed_header_font_size_last_edited=&#8221;on|phone&#8221; border_width_top=&#8221;1px&#8221; border_color_top=&#8221;#006CCD&#8221; border_style_top=&#8221;dashed&#8221; border_color_all_dsm_toggle_open_border=&#8221;RGBA(255,255,255,0)&#8221; border_style_all_dsm_toggle_open_border=&#8221;dashed&#8221; border_width_bottom_dsm_toggle_open_border=&#8221;1px&#8221; border_color_bottom_dsm_toggle_open_border=&#8221;#006CCD&#8221; border_color_all_dsm_toggle_closed_border=&#8221;RGBA(255,255,255,0)&#8221; border_style_all_dsm_toggle_closed_border=&#8221;dashed&#8221; border_color_right_dsm_toggle_closed_border=&#8221;RGBA(255,255,255,0)&#8221; border_width_bottom_dsm_toggle_closed_border=&#8221;1px&#8221; border_color_bottom_dsm_toggle_closed_border=&#8221;#006CCD&#8221; border_color_left_dsm_toggle_closed_border=&#8221;RGBA(255,255,255,0)&#8221; border_style_all_dsm_image_close_border=&#8221;dashed&#8221; global_colors_info=&#8221;{}&#8221; sticky_enabled=&#8221;0&#8243;][dsm_faq_child dsm_title=&#8221;What types of custom rebar solutions do you offer?&#8221; dsm_content=&#8221;<\/p>\n<p>En <a href=\"\/es\/%22https:\/\/rebardirect.com\/%22\/\">Barra de refuerzo directa<\/a>, we offer a wide range of custom rebar solutions tailored to meet your specific project requirements. This includes custom lengths, bending, fabrication, and coating options, among others. Whatever your needs may be, our experienced team is here to provide personalized solutions to ensure the success of your project.<\/p>\n<p>&#8221; dsm_open_toggle_margin=&#8221;|0px||0px|false|true&#8221; dsm_open_toggle_padding=&#8221;|0px||0px|false|true&#8221; dsm_closed_toggle_margin=&#8221;|0px||0px|false|true&#8221; dsm_closed_toggle_padding=&#8221;|0px||0px|false|true&#8221; _builder_version=&#8221;4.27.0&#8243; _module_preset=&#8221;default&#8221; hover_enabled=&#8221;0&#8243; global_colors_info=&#8221;{}&#8221; parentOrderClass=&#8221;dsm_faq_0&#8243; sticky_enabled=&#8221;0&#8243;][\/dsm_faq_child][dsm_faq_child dsm_title=&#8221;How long does it take to receive a quote for custom rebar?&#8221; dsm_content=&#8221;<\/p>\n<p>Entendemos la importancia de respuestas oportunas. Al recibir sus especificaciones, nuestro equipo trabaja diligentemente para brindarle una cotizaci\u00f3n competitiva lo m\u00e1s r\u00e1pido posible. El plazo para recibir una cotizaci\u00f3n puede variar seg\u00fan la complejidad de sus requisitos, pero nos esforzamos por entregar las cotizaciones con prontitud para que su proyecto siga avanzando.<\/p>\n<p>&#8221; _builder_version=&#8221;4.24.3&#8243; _module_preset=&#8221;default&#8221; global_colors_info=&#8221;{}&#8221; parentOrderClass=&#8221;dsm_faq_0&#8243;][\/dsm_faq_child][dsm_faq_child dsm_title=&#8221;Can I request modifications to my custom rebar order after it has been placed?&#8221; dsm_content=&#8221;<\/p>\n<p>Entendemos que los requisitos del proyecto pueden evolucionar con el tiempo. Si bien nuestro objetivo es adaptarnos a los cambios siempre que sea posible, las modificaciones a los pedidos de barras de refuerzo personalizadas pueden estar sujetas a cargos y plazos de producci\u00f3n adicionales. Recomendamos comunicar cualquier modificaci\u00f3n lo antes posible para minimizar las interrupciones en el cronograma de su proyecto.<\/p>\n<p>&#8221; _builder_version=&#8221;4.24.3&#8243; _module_preset=&#8221;default&#8221; border_width_bottom=&#8221;1px&#8221; border_color_bottom=&#8221;#006CCD&#8221; border_style_bottom=&#8221;dashed&#8221; global_colors_info=&#8221;{}&#8221; parentOrderClass=&#8221;dsm_faq_0&#8243;][\/dsm_faq_child][dsm_faq_child dsm_title=&#8221;What quality assurance measures do you have in place for custom rebar?&#8221; dsm_content=&#8221;<\/p>\n<p>La calidad es nuestra principal prioridad en Rebar Direct. Nos adherimos a estrictos protocolos de garant\u00eda de calidad durante todo el proceso de producci\u00f3n para garantizar que cada pieza de barra de refuerzo personalizada cumpla o supere los est\u00e1ndares de la industria. Nuestro equipo experimentado realiza inspecciones exhaustivas para verificar las dimensiones, la precisi\u00f3n de doblado y la calidad general antes de enviar o liberar su pedido.<\/p>\n<p>&#8221; _builder_version=&#8221;4.24.3&#8243; _module_preset=&#8221;default&#8221; border_color_bottom=&#8221;#006CCD&#8221; border_style_bottom=&#8221;dashed&#8221; global_colors_info=&#8221;{}&#8221; parentOrderClass=&#8221;dsm_faq_0&#8243;][\/dsm_faq_child][dsm_faq_child dsm_title=&#8221;Can I schedule delivery of my custom rebar to my job site?&#8221; dsm_content=&#8221;<\/p>\n<p>S\u00ed, ofrecemos opciones de entrega convenientes para garantizar que su barra de refuerzo personalizada llegue a su lugar de trabajo cuando la necesite. Nuestro equipo de log\u00edstica trabaja estrechamente con usted para coordinar los cronogramas de entrega y garantizar la llegada oportuna. Adem\u00e1s, podemos proporcionar informaci\u00f3n de seguimiento para que pueda controlar el estado de su entrega en cada paso del camino.<\/p>\n<p>&#8221; _builder_version=&#8221;4.24.3&#8243; _module_preset=&#8221;default&#8221; border_color_bottom=&#8221;#006CCD&#8221; border_style_bottom=&#8221;dashed&#8221; global_colors_info=&#8221;{}&#8221; parentOrderClass=&#8221;dsm_faq_0&#8243;][\/dsm_faq_child][dsm_faq_child dsm_title=&#8221;What if I have specific requirements not listed on your website?&#8221; dsm_content=&#8221;<\/p>\n<p>Entendemos que cada proyecto es \u00fanico y estamos comprometidos a satisfacer sus requisitos espec\u00edficos lo mejor que podamos. Si tiene necesidades espec\u00edficas que no figuran en nuestro sitio web, cont\u00e1ctenos directamente para discutir su proyecto en detalle. Nuestro equipo trabajar\u00e1 con usted para desarrollar soluciones personalizadas que cumplan con sus especificaciones exactas.<\/p>\n<p>&#8221; _builder_version=&#8221;4.24.3&#8243; _module_preset=&#8221;default&#8221; border_width_bottom=&#8221;1px&#8221; border_color_bottom=&#8221;#006CCD&#8221; border_style_bottom=&#8221;dashed&#8221; global_colors_info=&#8221;{}&#8221; parentOrderClass=&#8221;dsm_faq_0&#8243;][\/dsm_faq_child][dsm_faq_child dsm_title=&#8221;Do you offer technical support or guidance for selecting the right custom rebar solution for my project?&#8221; dsm_content=&#8221;<\/p>\n<p>\u00a1Absolutamente! Nuestro equipo de profesionales experimentados est\u00e1 aqu\u00ed para brindarle soporte t\u00e9cnico experto y orientaci\u00f3n durante todo el proceso. Ya sea que necesite ayuda para seleccionar las especificaciones de barras de refuerzo adecuadas para su proyecto o tenga preguntas sobre la instalaci\u00f3n, nuestro personal capacitado est\u00e1 listo para ayudarlo. No dude en comunicarse con nosotros con cualquier consulta que pueda tener.<\/p>\n<p>&#8221; _builder_version=&#8221;4.24.3&#8243; _module_preset=&#8221;default&#8221; border_width_bottom=&#8221;1px&#8221; border_color_bottom=&#8221;#006CCD&#8221; border_style_bottom=&#8221;dashed&#8221; global_colors_info=&#8221;{}&#8221; parentOrderClass=&#8221;dsm_faq_0&#8243;][\/dsm_faq_child][\/dsm_faq][\/et_pb_column][\/et_pb_row][\/et_pb_section]<\/p>","protected":false},"excerpt":{"rendered":"<p>Frequently Asked QuestionsCheck out our FAQ and reach out if you still have questions.<div class=\"et_pb_with_border et_pb_module dsm_faq dsm_faq_0\">\n\t\t\t\t\n\t\t\t\t\n\t\t\t\t\n\t\t\t\t\n\t\t\t\t\n\t\t\t\t\n\t\t\t\t<div class=\"et_pb_module_inner\">\n\t\t\t\t\t<div class=\"dsm-faq-container dsm-front\" data-accordion=\"&#8221;on&#8221;\" data-open_first_item=\"off\">\n\t\t\t\t\n\t\t\t <\/div>\n\t\t\t \n\t\t\t\n\t\t\t\t<\/div>\n\t\t\t<\/div><\/p>","protected":false},"author":2,"featured_media":0,"parent":0,"menu_order":0,"comment_status":"closed","ping_status":"closed","template":"","meta":{"_et_pb_use_builder":"on","_et_pb_old_content":"","_et_gb_content_width":"","footnotes":""},"class_list":["post-233192","page","type-page","status-publish","hentry"],"_links":{"self":[{"href":"https:\/\/rebardirect.com\/es\/wp-json\/wp\/v2\/pages\/233192","targetHints":{"allow":["GET"]}}],"collection":[{"href":"https:\/\/rebardirect.com\/es\/wp-json\/wp\/v2\/pages"}],"about":[{"href":"https:\/\/rebardirect.com\/es\/wp-json\/wp\/v2\/types\/page"}],"author":[{"embeddable":true,"href":"https:\/\/rebardirect.com\/es\/wp-json\/wp\/v2\/users\/2"}],"replies":[{"embeddable":true,"href":"https:\/\/rebardirect.com\/es\/wp-json\/wp\/v2\/comments?post=233192"}],"version-history":[{"count":0,"href":"https:\/\/rebardirect.com\/es\/wp-json\/wp\/v2\/pages\/233192\/revisions"}],"wp:attachment":[{"href":"https:\/\/rebardirect.com\/es\/wp-json\/wp\/v2\/media?parent=233192"}],"curies":[{"name":"wp","href":"https:\/\/api.w.org\/{rel}","templated":true}]}}