{"id":233199,"date":"2024-04-10T06:08:58","date_gmt":"2024-04-10T06:08:58","guid":{"rendered":"https:\/\/rebardirect.com\/?page_id=233199"},"modified":"2024-08-24T01:37:50","modified_gmt":"2024-08-24T08:37:50","slug":"shipping-policy","status":"publish","type":"page","link":"https:\/\/rebardirect.com\/es\/shipping-policy\/","title":{"rendered":"Politica de envios"},"content":{"rendered":"<p>[et_pb_section fb_built=&#8221;1&#8243; custom_padding_last_edited=&#8221;on|phone&#8221; admin_label=&#8221;section&#8221; _builder_version=&#8221;4.24.3&#8243; background_color=&#8221;rgba(0,0,0,0.69)&#8221; background_image=&#8221;https:\/\/rebardirect.com\/wp-content\/uploads\/2024\/04\/Rebar-direct-SHIPPING-POLICY.jpg&#8221; background_position=&#8221;bottom_center&#8221; background_blend=&#8221;overlay&#8221; height=&#8221;400px&#8221; height_tablet=&#8221;550px&#8221; height_phone=&#8221;365px&#8221; height_last_edited=&#8221;on|tablet&#8221; custom_padding=&#8221;0px||0px||true|false&#8221; custom_padding_tablet=&#8221;0px||0px||true|false&#8221; custom_padding_phone=&#8221;0px||0px||true|false&#8221; custom_css_main_element=&#8221;display: flex;||flex-direction: column;&#8221; locked=&#8221;off&#8221; global_colors_info=&#8221;{}&#8221; custom_css_main_element_last_edited=&#8221;on|tablet&#8221; custom_css_main_element_tablet=&#8221;display: flex;||flex-direction: column;&#8221; custom_css_main_element_phone=&#8221;display: flex;||flex-direction: column;&#8221;][et_pb_row admin_label=&#8221;row&#8221; _builder_version=&#8221;4.24.2&#8243; background_size=&#8221;initial&#8221; background_position=&#8221;top_left&#8221; background_repeat=&#8221;repeat&#8221; width_tablet=&#8221;&#8221; width_phone=&#8221;90%&#8221; width_last_edited=&#8221;on|phone&#8221; global_colors_info=&#8221;{}&#8221;][et_pb_column type=&#8221;4_4&#8243; _builder_version=&#8221;4.16&#8243; custom_padding=&#8221;|||&#8221; global_colors_info=&#8221;{}&#8221; custom_padding__hover=&#8221;|||&#8221;][et_pb_text _builder_version=&#8221;4.24.3&#8243; _module_preset=&#8221;default&#8221; header_font=&#8221;|700||on|||||&#8221; header_text_align=&#8221;center&#8221; header_text_color=&#8221;#FFFFFF&#8221; header_font_size=&#8221;38px&#8221; header_line_height=&#8221;1.2em&#8221; custom_margin_tablet=&#8221;&#8221; custom_margin_phone=&#8221;||15px||false|false&#8221; custom_margin_last_edited=&#8221;on|phone&#8221; header_font_size_tablet=&#8221;32px&#8221; header_font_size_phone=&#8221;24px&#8221; header_font_size_last_edited=&#8221;on|tablet&#8221; header_line_height_tablet=&#8221;1.3em&#8221; header_line_height_phone=&#8221;1.3em&#8221; header_line_height_last_edited=&#8221;on|tablet&#8221; global_colors_info=&#8221;{}&#8221;]<\/p>\n<h1>Nuestra pol\u00edtica de env\u00edo<\/h1>\n<p>[\/et_pb_text][et_pb_text _builder_version=&#8221;4.24.3&#8243; _module_preset=&#8221;default&#8221; text_font=&#8221;||||||||&#8221; text_text_color=&#8221;#FFFFFF&#8221; text_font_size=&#8221;22px&#8221; text_letter_spacing=&#8221;1px&#8221; header_2_font=&#8221;Noka||||||||&#8221; header_2_text_color=&#8221;#FFFFFF&#8221; header_2_font_size=&#8221;22px&#8221; text_orientation=&#8221;center&#8221; global_colors_info=&#8221;{}&#8221;]<\/p>\n<p>Siempre disponible para recogida | Entrega en California<\/p>\n<p>[\/et_pb_text][et_pb_button button_url=&#8221;@ET-DC@eyJkeW5hbWljIjp0cnVlLCJjb250ZW50IjoicG9zdF9saW5rX3VybF9wYWdlIiwic2V0dGluZ3MiOnsicG9zdF9pZCI6IjE4MiJ9fQ==@&#8221; button_text=&#8221;Contact Us&#8221; button_alignment=&#8221;center&#8221; button_alignment_tablet=&#8221;center&#8221; button_alignment_phone=&#8221;center&#8221; button_alignment_last_edited=&#8221;on|tablet&#8221; _builder_version=&#8221;4.24.3&#8243; _dynamic_attributes=&#8221;button_url&#8221; custom_button=&#8221;on&#8221; button_text_size=&#8221;18px&#8221; button_text_color=&#8221;#FFFFFF&#8221; button_bg_color=&#8221;#006CCD&#8221; button_border_width=&#8221;0px&#8221; button_border_radius=&#8221;0px&#8221; button_letter_spacing=&#8221;1px&#8221; button_font=&#8221;|600|||||||&#8221; button_use_icon=&#8221;off&#8221; custom_margin=&#8221;50px||||false|false&#8221; custom_padding=&#8221;10px|40px|10px|40px|true|true&#8221; locked=&#8221;off&#8221; global_colors_info=&#8221;{}&#8221; button_text_color__hover_enabled=&#8221;on|hover&#8221; button_text_color__hover=&#8221;#ffffff&#8221; button_bg_color__hover_enabled=&#8221;on|desktop&#8221; button_bg_color__hover=&#8221;#00B3FC&#8221; button_bg_enable_color__hover=&#8221;on&#8221; button_border_color__hover_enabled=&#8221;on|hover&#8221; button_border_color__hover=&#8221;#151515&#8243; button_letter_spacing__hover_enabled=&#8221;off|hover&#8221; button_letter_spacing__hover=&#8221;0px&#8221;][\/et_pb_button][\/et_pb_column][\/et_pb_row][\/et_pb_section][et_pb_section fb_built=&#8221;1&#8243; custom_padding_last_edited=&#8221;on|tablet&#8221; _builder_version=&#8221;4.24.2&#8243; _module_preset=&#8221;default&#8221; background_color=&#8221;#f4f7f9&#8243; background_enable_image=&#8221;off&#8221; custom_margin=&#8221;0px||0px||false|false&#8221; custom_padding=&#8221;80px||100px||false|false&#8221; custom_padding_tablet=&#8221;80px||80px||false|false&#8221; custom_padding_phone=&#8221;80px||80px||false|false&#8221; global_colors_info=&#8221;{}&#8221;][et_pb_row use_custom_gutter=&#8221;on&#8221; _builder_version=&#8221;4.24.3&#8243; _module_preset=&#8221;default&#8221; max_width=&#8221;1080px&#8221; module_alignment=&#8221;center&#8221; custom_margin=&#8221;0px||0px||false|false&#8221; custom_padding=&#8221;0px||0px||false|false&#8221; animation_style=&#8221;fade&#8221; animation_speed_curve=&#8221;ease&#8221; custom_css_main_element=&#8221;align-items: center;&#8221; global_colors_info=&#8221;{}&#8221;][et_pb_column type=&#8221;4_4&#8243; _builder_version=&#8221;4.24.2&#8243; _module_preset=&#8221;default&#8221; custom_padding=&#8221;0px|0px||0px|false|false&#8221; custom_padding_tablet=&#8221;|10px||0px|false|false&#8221; custom_padding_phone=&#8221;|0px||0px|false|false&#8221; custom_padding_last_edited=&#8221;on|tablet&#8221; sticky_limit_bottom=&#8221;row&#8221; sticky_position_tablet=&#8221;none&#8221; sticky_position_phone=&#8221;none&#8221; sticky_position_last_edited=&#8221;off|desktop&#8221; global_colors_info=&#8221;{}&#8221; z_index__sticky=&#8221;0&#8243; z_index__sticky_enabled=&#8221;on|sticky&#8221;][et_pb_text _builder_version=&#8221;4.27.0&#8243; _module_preset=&#8221;default&#8221; hover_enabled=&#8221;0&#8243; global_colors_info=&#8221;{}&#8221; sticky_enabled=&#8221;0&#8243;]<\/p>\n<h2>Politica de envios<\/h2>\n<p>En <a href=\"https:\/\/rebardirect.com\/es\/\"><strong>Barra de refuerzo directa<\/strong>,<\/a> we are dedicated to ensuring a seamless delivery experience for our valued customers. Please contact the fabrication shop specific to your cacation for pricing<\/p>\n<h3>Recogida local<\/h3>\n<ul>\n<li><strong>Lugares de recogida:<\/strong> Ofrecemos la comodidad de la recogida local en cualquiera de nuestros talleres de fabricaci\u00f3n en California. Nuestros lugares de recogida son:\n<ul>\n<li><strong>Ontario:<\/strong> 1500 South Haven Ave. Suite 150, Ontario, CA 91761<\/li>\n<li><strong>fresno:<\/strong> 2147 E. North Ave., Fresno, CA 93725<\/li>\n<li><strong>Fontana:<\/strong> 13489 Slover Ave, Fontana, CA 92337<\/li>\n<\/ul>\n<\/li>\n<li><strong>Lista para recoger:<\/strong> Nos esforzamos por mantener todos los materiales en stock, asegurando que est\u00e9n listos para su recogida inmediata.<\/li>\n<\/ul>\n<h3>Servicios de entrega<\/h3>\n<ul>\n<li><strong>Elegibilidad:<\/strong> Brindamos servicios de entrega dentro de un radio de 150 millas para pedidos superiores a $500.00.<\/li>\n<li><strong>Gastos de env\u00edo:<\/strong> El costo de env\u00edo se determinar\u00e1 y comunicar\u00e1 en el momento del pago.<\/li>\n<li><strong>\u00d3rdenes urgentes:<\/strong> \u00bfNecesitas algo lo antes posible? Cont\u00e1ctenos directamente y haremos todo lo posible para satisfacer sus necesidades urgentes.<\/li>\n<\/ul>\n<h3>Plazos de env\u00edo<\/h3>\n<ul>\n<li><strong>Tiempo de procesamiento:<\/strong> Dependiendo de su pedido, los art\u00edculos generalmente se env\u00edan dentro de 2 a 3 d\u00edas h\u00e1biles.<\/li>\n<li><strong>La disponibilidad de stock:<\/strong> Trabajamos diligentemente para mantener nuestro inventario completamente abastecido, asegurando una entrega r\u00e1pida de todos los pedidos.<\/li>\n<\/ul>\n<p>Para cualquier consulta o solicitud espec\u00edfica relacionada con el env\u00edo, no dude en contactarnos. <strong>Contacta con nosotras<\/strong>. Nuestro equipo est\u00e1 comprometido a brindar un servicio excepcional y har\u00e1 todo lo posible para satisfacer sus necesidades.<\/p>\n<p>Gracias por escoger <strong>Barra de refuerzo directa<\/strong>. \u00a1Esperamos poder servirle!<\/p>\n<p>[\/et_pb_text][\/et_pb_column][\/et_pb_row][\/et_pb_section]<\/p>","protected":false},"excerpt":{"rendered":"<p>Our Shipping PolicyAlways Available For Pickup | Delivery In CaliforniaShipping Policy At Rebar Direct, we are dedicated to ensuring a seamless delivery experience for our valued customers. Please contact the fabrication shop specific to your cacation for pricing Local Pick-Up Pick-Up Locations: We offer the convenience of local pick-up at any of our fabrication shops [&hellip;]<\/p>","protected":false},"author":2,"featured_media":0,"parent":0,"menu_order":0,"comment_status":"closed","ping_status":"closed","template":"","meta":{"_et_pb_use_builder":"on","_et_pb_old_content":"","_et_gb_content_width":"","footnotes":""},"class_list":["post-233199","page","type-page","status-publish","hentry"],"_links":{"self":[{"href":"https:\/\/rebardirect.com\/es\/wp-json\/wp\/v2\/pages\/233199","targetHints":{"allow":["GET"]}}],"collection":[{"href":"https:\/\/rebardirect.com\/es\/wp-json\/wp\/v2\/pages"}],"about":[{"href":"https:\/\/rebardirect.com\/es\/wp-json\/wp\/v2\/types\/page"}],"author":[{"embeddable":true,"href":"https:\/\/rebardirect.com\/es\/wp-json\/wp\/v2\/users\/2"}],"replies":[{"embeddable":true,"href":"https:\/\/rebardirect.com\/es\/wp-json\/wp\/v2\/comments?post=233199"}],"version-history":[{"count":0,"href":"https:\/\/rebardirect.com\/es\/wp-json\/wp\/v2\/pages\/233199\/revisions"}],"wp:attachment":[{"href":"https:\/\/rebardirect.com\/es\/wp-json\/wp\/v2\/media?parent=233199"}],"curies":[{"name":"wp","href":"https:\/\/api.w.org\/{rel}","templated":true}]}}